{"id":26,"date":"2017-12-12T10:23:35","date_gmt":"2017-12-12T09:23:35","guid":{"rendered":"http:\/\/stopprecarite59.noblogs.org\/?page_id=26"},"modified":"2017-12-17T21:37:17","modified_gmt":"2017-12-17T20:37:17","slug":"nous-contacter","status":"publish","type":"page","link":"https:\/\/stopprecarite59.noblogs.org\/?page_id=26","title":{"rendered":"Nous contacter"},"content":{"rendered":"<p>Vous pouvez nous contacter :<\/p>\n<p>Par mail :\u00a0contratsaides59@gmail.com<\/p>\n<p>Sur Facebook : <a href=\"https:\/\/www.facebook.com\/groups\/1549743148474824\/\" target=\"_blank\" rel=\"noopener\">CoR\u00e9CCA59 &#8211; Collectif de R\u00e9sistance pour les Contrats Aid\u00e9s sur Facebook<\/a><\/p>\n<p>Pour d&rsquo;autres propositions, vous disposez aussi \u00e0 l&rsquo;acc\u00e8s d&rsquo;un pad collectif, o\u00f9 vous pouvez ajouter des propositions diverses d&rsquo;actions, des textes, ou toute information que vous jugerez utiles.<\/p>\n<p>Adresse web du pad : <a href=\"https:\/\/annuel2.framapad.org\/p\/Collectif-Contrats-Aides\" target=\"_blank\" rel=\"noopener\"> Le pad collectif \u00e0 compl\u00e9ter<\/a><\/p>\n<p>Laissez nous votre email de fa\u00e7on \u00e0 vous ajouter \u00e0 la liste d&rsquo;envois de mails.<\/p>\n<p>Ainsi, vous serez inform\u00e9s des actions, des r\u00e9unions, des interventions \u00a0pr\u00e9vues.<\/p>\n<p>Diffusez largement ces informations, seuls nous ne pouvons pas grand chose, ENSEMBLE nous sommes plus forts.<\/p>\n","protected":false},"excerpt":{"rendered":"<p>Vous pouvez nous contacter : Par mail :\u00a0contratsaides59@gmail.com Sur Facebook : CoR\u00e9CCA59 &#8211; Collectif de R\u00e9sistance pour les Contrats Aid\u00e9s sur Facebook Pour d&rsquo;autres propositions, vous disposez aussi \u00e0 l&rsquo;acc\u00e8s d&rsquo;un pad collectif, o\u00f9 vous pouvez ajouter des propositions diverses &hellip; <a href=\"https:\/\/stopprecarite59.noblogs.org\/?page_id=26\">Continuer la lecture <span class=\"meta-nav\">&rarr;<\/span><\/a><\/p>\n","protected":false},"author":12321,"featured_media":0,"parent":0,"menu_order":0,"comment_status":"closed","ping_status":"closed","template":"","meta":{"footnotes":""},"class_list":["post-26","page","type-page","status-publish","hentry"],"_links":{"self":[{"href":"https:\/\/stopprecarite59.noblogs.org\/index.php?rest_route=\/wp\/v2\/pages\/26","targetHints":{"allow":["GET"]}}],"collection":[{"href":"https:\/\/stopprecarite59.noblogs.org\/index.php?rest_route=\/wp\/v2\/pages"}],"about":[{"href":"https:\/\/stopprecarite59.noblogs.org\/index.php?rest_route=\/wp\/v2\/types\/page"}],"author":[{"embeddable":true,"href":"https:\/\/stopprecarite59.noblogs.org\/index.php?rest_route=\/wp\/v2\/users\/12321"}],"replies":[{"embeddable":true,"href":"https:\/\/stopprecarite59.noblogs.org\/index.php?rest_route=%2Fwp%2Fv2%2Fcomments&post=26"}],"version-history":[{"count":9,"href":"https:\/\/stopprecarite59.noblogs.org\/index.php?rest_route=\/wp\/v2\/pages\/26\/revisions"}],"predecessor-version":[{"id":80,"href":"https:\/\/stopprecarite59.noblogs.org\/index.php?rest_route=\/wp\/v2\/pages\/26\/revisions\/80"}],"wp:attachment":[{"href":"https:\/\/stopprecarite59.noblogs.org\/index.php?rest_route=%2Fwp%2Fv2%2Fmedia&parent=26"}],"curies":[{"name":"wp","href":"https:\/\/api.w.org\/{rel}","templated":true}]}}